{"id":930,"date":"2017-09-13T14:54:35","date_gmt":"2017-09-13T12:54:35","guid":{"rendered":"http:\/\/germsez.cluster030.hosting.ovh.net\/analyses\/seeds-2\/"},"modified":"2017-09-13T14:54:35","modified_gmt":"2017-09-13T12:54:35","slug":"seeds-2","status":"publish","type":"page","link":"https:\/\/germservices.fr\/en\/analyses\/seeds-2\/","title":{"rendered":"Seeds"},"content":{"rendered":"<p>FNPSMS\/ GERM-Services is a major actor for tests on grain. It is recognised by the SOC service as reference laboratory for :<\/p>\n<ul>\n<li>official certification analysis for seeds<\/li>\n<li>mandatory analysis for the issuance of International Orange Certificates within the scope of seeds exportations<\/li>\n<li>clearance for private laboratories to check seed batches<\/li>\n<\/ul>\n<p>The analysis concern the germination viability, the analytical purity and the varietal purity.<\/p>\n<p>Apart from the activities officially monitored by the FNPSMS, the laboratory GERM-Service also carries out works based on the GMO tests, the vigour tests (cold tests) and the search for spores and pollen.<\/p>\n<p>&nbsp;<\/p>\n<p style=\"text-align: center;\"><a href=\"http:\/\/germsez.cluster030.hosting.ovh.net\/les-analyses\/catalogue-des-analyses\/\">Visit the complete\u00a0catalogue of analyses<\/a><\/p>\n<p>&nbsp;<\/p>\n<table width=\"1317\">\n<tbody>\n<tr>\n<td width=\"219\">Titre de l&#8217;analyse<\/td>\n<td width=\"219\">Type<\/td>\n<td width=\"219\">Technique<\/td>\n<td width=\"192\">M\u00e9thode<\/td>\n<td width=\"112\">Produits<\/td>\n<td width=\"94\">Quantit\u00e9 n\u00e9cessaire<\/td>\n<td width=\"101\">Accr\u00e9ditation<\/td>\n<\/tr>\n<tr>\n<td>Facult\u00e9 germinative<\/td>\n<td>Qualit\u00e9 des semences<\/td>\n<td>Observations visuelles<\/td>\n<td>ISTA<\/td>\n<td>Ma\u00efs, sorgho, c\u00e9r\u00e9ales, tournesol, colza, riz<\/td>\n<td>1kg*<\/td>\n<td><img loading=\"lazy\" decoding=\"async\" class=\"alignnone size-medium wp-image-621\" src=\"http:\/\/germsez.cluster030.hosting.ovh.net\/wp-content\/uploads\/2016\/12\/Logo_ista_avec_Mention1-300x116.jpg\" alt=\"\" width=\"300\" height=\"116\" \/><\/td>\n<\/tr>\n<tr>\n<td>D\u00e9termination de la germination facult\u00e9 germinative<\/td>\n<td>Qualit\u00e9 des semences<\/td>\n<td>Inbuation puis Observations des plantules et semences<\/td>\n<td>ISTA<\/td>\n<td>Ma\u00efs, sorgho, tournesol<\/td>\n<td>1kg*<\/td>\n<td><img loading=\"lazy\" decoding=\"async\" class=\"alignnone size-medium wp-image-631\" src=\"http:\/\/germsez.cluster030.hosting.ovh.net\/wp-content\/uploads\/2016\/12\/Logo-Cofrac_Accreditation-1-2313-300x236.jpg\" alt=\"\" width=\"300\" height=\"236\" \/><\/td>\n<\/tr>\n<tr>\n<td>Facult\u00e9 germinative<\/td>\n<td>Qualit\u00e9 des semences<\/td>\n<td>Observations visuelles<\/td>\n<td>ISTA<\/td>\n<td>Toutes semences : pois, soja, haricot, \u2026<\/td>\n<td>1kg*<\/td>\n<td><\/td>\n<\/tr>\n<tr>\n<td>Test de vigueur<\/td>\n<td>Qualit\u00e9 des semences<\/td>\n<td>Observations visuelles<\/td>\n<td>M\u00e9thode interne<\/td>\n<td>Ma\u00efs<\/td>\n<td>1 kg<\/td>\n<td><\/td>\n<\/tr>\n<tr>\n<td>Tetrazolium<\/td>\n<td>Qualit\u00e9 des semences<\/td>\n<td>Coloration<\/td>\n<td>ISTA<\/td>\n<td>Ma\u00efs, sorgho, c\u00e9r\u00e9ales, tournesol, colza, riz<\/td>\n<td>400 grains<\/td>\n<td><\/td>\n<\/tr>\n<tr>\n<td>Teneur en eau<\/td>\n<td>Qualit\u00e9 des semences<\/td>\n<td>Etuvage<\/td>\n<td>ISTA<\/td>\n<td>Ma\u00efs, sorgho, c\u00e9r\u00e9ales, tournesol, colza, riz<\/td>\n<td>100 g(*)<\/td>\n<td><img loading=\"lazy\" decoding=\"async\" class=\"alignnone size-medium wp-image-621\" src=\"http:\/\/germsez.cluster030.hosting.ovh.net\/wp-content\/uploads\/2016\/12\/Logo_ista_avec_Mention1-300x116.jpg\" alt=\"\" width=\"300\" height=\"116\" \/><\/td>\n<\/tr>\n<tr>\n<td>D\u00e9termination de la teneur en eau<\/td>\n<td>Qualit\u00e9 des semences<\/td>\n<td>Pes\u00e9e et \u00e9tuvage<\/td>\n<td>ISTA<\/td>\n<td>Ma\u00efs, sorgho, tournesol<\/td>\n<td>100 g(*)<\/td>\n<td><img loading=\"lazy\" decoding=\"async\" class=\"alignnone size-medium wp-image-631\" src=\"http:\/\/germsez.cluster030.hosting.ovh.net\/wp-content\/uploads\/2016\/12\/Logo-Cofrac_Accreditation-1-2313-300x236.jpg\" alt=\"\" width=\"300\" height=\"236\" \/><\/td>\n<\/tr>\n<tr>\n<td>Teneur en eau<\/td>\n<td>Qualit\u00e9 des semences<\/td>\n<td>Etuvage<\/td>\n<td>ISTA<\/td>\n<td>Toutes semences : pois, soja, haricot, \u2026<\/td>\n<td>100 g(*)<\/td>\n<td><\/td>\n<\/tr>\n<tr>\n<td>Puret\u00e9 vari\u00e9tale<\/td>\n<td>Qualit\u00e9 des semences<\/td>\n<td>Electrophor\u00e8se des prot\u00e9ies totales<\/td>\n<td>ISTA<\/td>\n<td>Ma\u00efs, sorgho, tournesol, bl\u00e9, orge<\/td>\n<td>200 graines<\/td>\n<td><\/td>\n<\/tr>\n<tr>\n<td>Puret\u00e9 Waxy<\/td>\n<td>Qualit\u00e9 des semences<\/td>\n<td>Coloration<\/td>\n<td>Test \u00e0 l&#8217;iodine<\/td>\n<td>Ma\u00efs waxy<\/td>\n<td>500 g<\/td>\n<td><\/td>\n<\/tr>\n<tr>\n<td>Contr\u00f4le de la st\u00e9rilit\u00e9 cytoplasmique<\/td>\n<td>Qualit\u00e9 des semences<\/td>\n<td>PCR<\/td>\n<td>Interne<\/td>\n<td>Ma\u00efs<\/td>\n<td>200 grains<\/td>\n<td>interne<\/td>\n<\/tr>\n<tr>\n<td>D\u00e9termination de la quantit\u00e9 de poussi\u00e8res \u2013 test poussi\u00e8res Heubach<\/td>\n<td>Qualit\u00e9 des semences<\/td>\n<td>Gravim\u00e9trie<\/td>\n<td>Internet I-408-38 \/ Protocole ESA<\/td>\n<td>Ma\u00efs, tournesol, colza, bl\u00e9<\/td>\n<td>500 g (sacherie papier)<\/td>\n<td><img loading=\"lazy\" decoding=\"async\" class=\"alignnone size-medium wp-image-631\" src=\"http:\/\/germsez.cluster030.hosting.ovh.net\/wp-content\/uploads\/2016\/12\/Logo-Cofrac_Accreditation-1-2313-300x236.jpg\" alt=\"\" width=\"300\" height=\"236\" \/><\/td>\n<\/tr>\n<tr>\n<td>D\u00e9termination de la quantit\u00e9 de poussi\u00e8res \u2013 test poussi\u00e8res Heubach<\/td>\n<td>Qualit\u00e9 des semences<\/td>\n<td>Gravim\u00e9trie<\/td>\n<td>Interne \/ Protocole ESA<\/td>\n<td>Toutes esp\u00e8ces trait\u00e9es<\/td>\n<td>500 g<\/td>\n<td><\/td>\n<\/tr>\n<tr>\n<td>D\u00e9termination de la teneur en mati\u00e8res actives (insecticides\/fongicides)<\/td>\n<td>Qualit\u00e9 des semences<\/td>\n<td>HPLC \/ UPLC-MS-MS<\/td>\n<td>Interne<\/td>\n<td>Toutes esp\u00e8ces trait\u00e9es et poussi\u00e8res libres<\/td>\n<td>500 g<\/td>\n<td><\/td>\n<\/tr>\n<tr>\n<td>D\u00e9termination de la teneur en mati\u00e8res actives<\/td>\n<td>Qualit\u00e9 des semences<\/td>\n<td>UPLC-MS-MS<\/td>\n<td>Interne I-408-56<\/td>\n<td>Ma\u00efs, c\u00e9r\u00e9ales et ol\u00e9oprot\u00e9agineux<\/td>\n<td>500 g<\/td>\n<td><img loading=\"lazy\" decoding=\"async\" class=\"alignnone size-medium wp-image-624\" src=\"http:\/\/germsez.cluster030.hosting.ovh.net\/wp-content\/uploads\/2016\/12\/Logo-Cofrac_Accreditation-1-182-300x235.jpg\" alt=\"\" width=\"300\" height=\"235\" \/><\/td>\n<\/tr>\n<tr>\n<td>Puret\u00e9 sp\u00e9cifique et d\u00e9nombrement des autres esp\u00e8ces<\/td>\n<td>Qualit\u00e9 des semences<\/td>\n<td>Observations visuelles<\/td>\n<td>ISTA<\/td>\n<td>Ma\u00efs, sorgho, c\u00e9r\u00e9ales, tournesol, colza, riz<\/td>\n<td>1kg*<\/td>\n<td><img loading=\"lazy\" decoding=\"async\" class=\"alignnone size-medium wp-image-621\" src=\"http:\/\/germsez.cluster030.hosting.ovh.net\/wp-content\/uploads\/2016\/12\/Logo_ista_avec_Mention1-300x116.jpg\" alt=\"\" width=\"300\" height=\"116\" \/><\/td>\n<\/tr>\n<tr>\n<td>D\u00e9termination de la Puret\u00e9 sp\u00e9cifique et du nombre des autres esp\u00e8ces<\/td>\n<td>Qualit\u00e9 des semences<\/td>\n<td>Tri des semences, d\u00e9termination des esp\u00e8ces<\/td>\n<td>ISTA<\/td>\n<td>Ma\u00efs, sorgho, tournesol<\/td>\n<td>1kg*<\/td>\n<td><img loading=\"lazy\" decoding=\"async\" class=\"alignnone size-medium wp-image-631\" src=\"http:\/\/germsez.cluster030.hosting.ovh.net\/wp-content\/uploads\/2016\/12\/Logo-Cofrac_Accreditation-1-2313-300x236.jpg\" alt=\"\" width=\"300\" height=\"236\" \/><\/td>\n<\/tr>\n<tr>\n<td>Puret\u00e9 sp\u00e9cifique et d\u00e9nombrement des autres esp\u00e8ces<\/td>\n<td>Qualit\u00e9 des semences<\/td>\n<td>Observations visuelles<\/td>\n<td>ISTA<\/td>\n<td>Toutes semences : pois, soja, haricot, \u2026<\/td>\n<td>1kg*<\/td>\n<td><\/td>\n<\/tr>\n<tr>\n<td>Poids de mille semences<\/td>\n<td>Qualit\u00e9 des semences<\/td>\n<td>Comptage, gravim\u00e9trie<\/td>\n<td>ISTA<\/td>\n<td>Ma\u00efs et sorgho<\/td>\n<td>1 kg (*)<\/td>\n<td><img loading=\"lazy\" decoding=\"async\" class=\"alignnone size-medium wp-image-621\" src=\"http:\/\/germsez.cluster030.hosting.ovh.net\/wp-content\/uploads\/2016\/12\/Logo_ista_avec_Mention1-300x116.jpg\" alt=\"\" width=\"300\" height=\"116\" \/><\/td>\n<\/tr>\n<tr>\n<td>D\u00e9nombrement grains de pollen<\/td>\n<td>Qualit\u00e9 des semences<\/td>\n<td>Comptage optique<\/td>\n<td>Interne<\/td>\n<td>Ma\u00efs et autres esp\u00e8ces<\/td>\n<td>&#8211;<\/td>\n<td><\/td>\n<\/tr>\n<tr>\n<td>Spores de Sphacelotheca reiliana<\/td>\n<td>Qualit\u00e9 des semences<\/td>\n<td>Observations visuelles<\/td>\n<td>Interne<\/td>\n<td>Ma\u00efs<\/td>\n<td>1 kg<\/td>\n<td><\/td>\n<\/tr>\n<tr>\n<td>O.G.M : D\u00e9tection et quantification des cibles P35S et TNOS (criblage)<\/td>\n<td>Qualit\u00e9 des semences<\/td>\n<td>PCR<\/td>\n<td>interne I-408-39<\/td>\n<td>Ma\u00efs semence, farine<\/td>\n<td>1 kg<\/td>\n<td><img loading=\"lazy\" decoding=\"async\" class=\"alignnone size-medium wp-image-631\" src=\"http:\/\/germsez.cluster030.hosting.ovh.net\/wp-content\/uploads\/2016\/12\/Logo-Cofrac_Accreditation-1-2313-300x236.jpg\" alt=\"\" width=\"300\" height=\"236\" \/><\/td>\n<\/tr>\n<tr>\n<td>O.G.M. : Identification d\u2019\u00e9v\u00e8nements<\/td>\n<td>Qualit\u00e9 des semences<\/td>\n<td>PCR<\/td>\n<td>interne selon les normes NF EN ISO 21569, 21570, 21571, 24276 et selon le guide V03-042<\/td>\n<td>Ma\u00efs, semence, broyat de semences<\/td>\n<td>1 kg<\/td>\n<td><\/td>\n<\/tr>\n<tr>\n<td>OGM : d\u00e9tection et quantification de l\u2019\u00e9v\u00e8nement MON 810<\/td>\n<td>Qualit\u00e9 des semences<\/td>\n<td>PCR<\/td>\n<td>interne selon les normes NF EN ISO 21569, 21570, 21571, 24276 et selon le guide V03-042<\/td>\n<td>Ma\u00efs, semence, broyat de semences<\/td>\n<td>1 kg<\/td>\n<td><\/td>\n<\/tr>\n<tr>\n<td>O.G.M : D\u00e9tection des cibles de criblage P35S, TNOS, pFMV, PAT (criblage)<\/td>\n<td>Qualit\u00e9 des semences<\/td>\n<td>PCR<\/td>\n<td>interne I-408-39<\/td>\n<td>Semences de Soja, grains entiers ou broy\u00e9s<\/td>\n<td>600 gr<\/td>\n<td><img loading=\"lazy\" decoding=\"async\" class=\"alignnone size-medium wp-image-624\" src=\"http:\/\/germsez.cluster030.hosting.ovh.net\/wp-content\/uploads\/2016\/12\/Logo-Cofrac_Accreditation-1-182-300x235.jpg\" alt=\"\" width=\"300\" height=\"235\" \/><\/td>\n<\/tr>\n<tr>\n<td>O.G.M : D\u00e9tection du construit sp\u00e9cifique AGROBORDER II<\/td>\n<td>Qualit\u00e9 des semences<\/td>\n<td>PCR<\/td>\n<td>interne I-408-39<\/td>\n<td>Semences de Soja, grains entiers ou broy\u00e9s<\/td>\n<td>600 gr<\/td>\n<td><img loading=\"lazy\" decoding=\"async\" class=\"alignnone size-medium wp-image-624\" src=\"http:\/\/germsez.cluster030.hosting.ovh.net\/wp-content\/uploads\/2016\/12\/Logo-Cofrac_Accreditation-1-182-300x235.jpg\" alt=\"\" width=\"300\" height=\"235\" \/><\/td>\n<\/tr>\n<tr>\n<td>O.G.M : D\u00e9tection des \u00e9v\u00e8nements sp\u00e9cifiques CV127 et DP-305423-1<\/td>\n<td>Qualit\u00e9 des semences<\/td>\n<td>PCR<\/td>\n<td>interne I-408-39<\/td>\n<td>Semences de Soja, grains entiers ou broy\u00e9s<\/td>\n<td>600 gr<\/td>\n<td><img loading=\"lazy\" decoding=\"async\" class=\"alignnone size-medium wp-image-624\" src=\"http:\/\/germsez.cluster030.hosting.ovh.net\/wp-content\/uploads\/2016\/12\/Logo-Cofrac_Accreditation-1-182-300x235.jpg\" alt=\"\" width=\"300\" height=\"235\" \/><\/td>\n<\/tr>\n<\/tbody>\n<\/table>\n<p>&nbsp;<\/p>\n<p style=\"text-align: center;\"><a href=\"http:\/\/germsez.cluster030.hosting.ovh.net\/les-analyses\/catalogue-des-analyses\/\">Visit the complete catalogue\u00a0of analyses<\/a><\/p>\n<p>&nbsp;<\/p>\n","protected":false},"excerpt":{"rendered":"<p>FNPSMS\/ GERM-Services is a major actor for tests on grain. It is recognised by the SOC service as reference laboratory&#8230;  <a class=\"excerpt-read-more\" href=\"https:\/\/germservices.fr\/en\/analyses\/seeds-2\/\" title=\"Read Seeds\">Read more &raquo;<\/a><\/p>\n","protected":false},"author":1,"featured_media":0,"parent":915,"menu_order":53,"comment_status":"closed","ping_status":"closed","template":"","meta":{"_acf_changed":false,"om_disable_all_campaigns":false,"_exactmetrics_skip_tracking":false,"_exactmetrics_sitenote_active":false,"_exactmetrics_sitenote_note":"","_exactmetrics_sitenote_category":0,"_monsterinsights_skip_tracking":false,"_monsterinsights_sitenote_active":false,"_monsterinsights_sitenote_note":"","_monsterinsights_sitenote_category":0,"_uf_show_specific_survey":0,"_uf_disable_surveys":false,"footnotes":""},"class_list":["post-930","page","type-page","status-publish","hentry"],"acf":[],"aioseo_notices":[],"_links":{"self":[{"href":"https:\/\/germservices.fr\/en\/wp-json\/wp\/v2\/pages\/930","targetHints":{"allow":["GET"]}}],"collection":[{"href":"https:\/\/germservices.fr\/en\/wp-json\/wp\/v2\/pages"}],"about":[{"href":"https:\/\/germservices.fr\/en\/wp-json\/wp\/v2\/types\/page"}],"author":[{"embeddable":true,"href":"https:\/\/germservices.fr\/en\/wp-json\/wp\/v2\/users\/1"}],"replies":[{"embeddable":true,"href":"https:\/\/germservices.fr\/en\/wp-json\/wp\/v2\/comments?post=930"}],"version-history":[{"count":0,"href":"https:\/\/germservices.fr\/en\/wp-json\/wp\/v2\/pages\/930\/revisions"}],"up":[{"embeddable":true,"href":"https:\/\/germservices.fr\/en\/wp-json\/wp\/v2\/pages\/915"}],"wp:attachment":[{"href":"https:\/\/germservices.fr\/en\/wp-json\/wp\/v2\/media?parent=930"}],"curies":[{"name":"wp","href":"https:\/\/api.w.org\/{rel}","templated":true}]}}