{"id":922,"date":"2017-09-13T12:08:43","date_gmt":"2017-09-13T10:08:43","guid":{"rendered":"http:\/\/germsez.cluster030.hosting.ovh.net\/analyses\/nutrition-and-healthcare\/"},"modified":"2017-09-13T12:08:43","modified_gmt":"2017-09-13T10:08:43","slug":"nutrition-and-healthcare","status":"publish","type":"page","link":"https:\/\/germservices.fr\/en\/analyses\/nutrition-and-healthcare\/","title":{"rendered":"Nutrition and healthcare"},"content":{"rendered":"<p>GERM-Services is specialized for the analysis of contaminants, mycotoxins, residues from pesticides, GMO and thin particles. It has the most innovating equipment and all the analysis being within the scope of \u201cnutrition and healthcare\u201d are granted with the dedicated COFRAC accreditation.<\/p>\n<p>The laboratory is also involved in several workshops and research programs with the intention of improving its knowledge about contaminants and optimizing the analysis methods at French and European level.<\/p>\n<h2>Mycotoxins<\/h2>\n<p>Health quality is based mostly on the quantification of the content in mycotoxins and in ergosterin.<\/p>\n<p>Mycotoxins come from moulds that grow on plants in the fields or while storage.<\/p>\n<p>The laboratory makes assays on mycotoxins of interest through Liquid Chromatography (LC\/MS\/MS) using sets that correspond to the major groups of mycotoxins.<\/p>\n<h2>Pesticides<\/h2>\n<p>The search for active ingredients, in particular the ones in \u00a0\u00a0\u00a0\u00a0\u00a0\u00a0\u00a0\u00a0\u00a0\u00a0\u00a0is a major issue for the farmers and other people working in this branch ; this is the reason why the laboratory is so much concerned and involved in fixing the maximal residue level. The laboratory also works in partnership with several seed treatment companies through the control of their quality system.<\/p>\n<h2>GMO<\/h2>\n<p>GERM-Services works on the identification and the quantification of GMO<\/p>\n<p>GERM-Services is accredited by the COFRAC body within the frame of LAB GTA02 concerning GMOs.<\/p>\n<h2>Fine Particles<\/h2>\n<p>Dust, and in particular fine particles that can be found in major grains are a matter of concern for people in charge of seeds collection, for grain terminals\u2026<\/p>\n<p>The laboratory has developed a range of measuring tests regarding the quantity of dust and to what extent they can be exhausted out of the seeds; it also enables to find out how best to proceed.<\/p>\n<p style=\"text-align: center;\"><a href=\"http:\/\/germsez.cluster030.hosting.ovh.net\/les-analyses\/catalogue-des-analyses\/\">Visit the complete\u00a0catalogue\u00a0of analyses<\/a><\/p>\n<p>&nbsp;<\/p>\n<table>\n<tbody>\n<tr>\n<td width=\"219\">Titre de l&#8217;analyse<\/td>\n<td width=\"219\">Type<\/td>\n<td width=\"219\">Technique<\/td>\n<td width=\"192\">M\u00e9thode<\/td>\n<td width=\"112\">Produits<\/td>\n<td width=\"94\">Quantit\u00e9 n\u00e9cessaire<\/td>\n<td width=\"101\">Accr\u00e9ditation<\/td>\n<\/tr>\n<tr>\n<td>Analyse commerciale intervention<\/td>\n<td>Analyse physique<\/td>\n<td>Observations visuelles<\/td>\n<td>M\u00e9thode interne<\/td>\n<td>Ma\u00efs grain et sorgho<\/td>\n<td>1 kg<\/td>\n<td><\/td>\n<\/tr>\n<tr>\n<td>Analyse commerciale Addendum<\/td>\n<td>Analyse physique<\/td>\n<td>Tamisage, observations visuelles<\/td>\n<td>INCOGRAIN &#8211; ADDENDUM N\u00b0V<\/td>\n<td>Ma\u00efs grain et sorgho<\/td>\n<td>1 kg<\/td>\n<td><\/td>\n<\/tr>\n<tr>\n<td>Analyse commerciale simplifi\u00e9e<\/td>\n<td>Analyse physique<\/td>\n<td>Tamisage, observations visuelles<\/td>\n<td>interne<\/td>\n<td>Ma\u00efs grain et sorgho<\/td>\n<td>500 grammes<\/td>\n<td><\/td>\n<\/tr>\n<tr>\n<td>Calibrage grains<\/td>\n<td>Analyse physique<\/td>\n<td>Tamisage<\/td>\n<td>interne<\/td>\n<td>Ma\u00efs grain et sorgho<\/td>\n<td>1 kg<\/td>\n<td><\/td>\n<\/tr>\n<tr>\n<td>Poids de 1000 grains<\/td>\n<td>Analyse physique<\/td>\n<td>Comptage, gravim\u00e9trie<\/td>\n<td>interne<\/td>\n<td>Ma\u00efs grain et sorgho<\/td>\n<td>300 g<\/td>\n<td><\/td>\n<\/tr>\n<tr>\n<td>Poids sp\u00e9cifique<\/td>\n<td>Analyse physique<\/td>\n<td>Volum\u00e9trie, gravim\u00e9trie<\/td>\n<td>interne<\/td>\n<td>Ma\u00efs grain sorgho C\u00e9r\u00e9ales<\/td>\n<td>1 kg<\/td>\n<td><\/td>\n<\/tr>\n<tr>\n<td>Taux de fissuration<\/td>\n<td>Analyse physique<\/td>\n<td>Observations visuelles<\/td>\n<td>interne<\/td>\n<td>Ma\u00efs grain<\/td>\n<td>1 kg<\/td>\n<td><\/td>\n<\/tr>\n<tr>\n<td>Taux de grains cass\u00e9s<\/td>\n<td>Analyse physique<\/td>\n<td>Tamisage, gravim\u00e9trie<\/td>\n<td>interne<\/td>\n<td>Ma\u00efs grain<\/td>\n<td>1 kg<\/td>\n<td><\/td>\n<\/tr>\n<tr>\n<td>Type de grain<\/td>\n<td>Analyse physique<\/td>\n<td>Observations visuelles<\/td>\n<td>interne<\/td>\n<td>Ma\u00efs grain<\/td>\n<td>300 grammes<\/td>\n<td><\/td>\n<\/tr>\n<tr>\n<td>D\u00e9termination de la teneur en mycotoxines<\/td>\n<td>Qualit\u00e9 sanitaire<\/td>\n<td>LCMSMS<\/td>\n<td>Ma\u00efs grain, c\u00e9r\u00e9ales<\/td>\n<td>Interne I-408-55<\/td>\n<td>500gr<\/td>\n<td><img loading=\"lazy\" decoding=\"async\" class=\"alignnone size-medium wp-image-624\" src=\"http:\/\/germsez.cluster030.hosting.ovh.net\/wp-content\/uploads\/2016\/12\/Logo-Cofrac_Accreditation-1-182-300x235.jpg\" alt=\"\" width=\"300\" height=\"235\" \/><\/td>\n<\/tr>\n<tr>\n<td>Aflatoxines B 1<\/td>\n<td>Qualit\u00e9 sanitaire<\/td>\n<td>ELISA<\/td>\n<td>Tous fourrages, ma\u00efs fourrage<\/td>\n<td>interne<\/td>\n<td>500gr<\/td>\n<td><\/td>\n<\/tr>\n<tr>\n<td>Aflatoxines B1-B2-G1-G2-<\/td>\n<td>Qualit\u00e9 sanitaire<\/td>\n<td>HPLC<\/td>\n<td>Tous fourrages, ma\u00efs fourrage<\/td>\n<td>interne<\/td>\n<td>500gr<\/td>\n<td><\/td>\n<\/tr>\n<tr>\n<td>D\u00e9oxynival\u00e9nol (DON)<\/td>\n<td>Qualit\u00e9 sanitaire<\/td>\n<td>HPLC<\/td>\n<td>Tous fourrages, ma\u00efs fourrage<\/td>\n<td>Interne<\/td>\n<td>500gr<\/td>\n<td><\/td>\n<\/tr>\n<tr>\n<td>D\u00e9oxynival\u00e9nol (DON)<\/td>\n<td>Qualit\u00e9 sanitaire<\/td>\n<td>Elisa<\/td>\n<td>Tous fourrages, ma\u00efs fourrage<\/td>\n<td>interne<\/td>\n<td>500gr<\/td>\n<td><\/td>\n<\/tr>\n<tr>\n<td>Fumonisines FB 1 et FB 2<\/td>\n<td>Qualit\u00e9 sanitaire<\/td>\n<td>HPLC<\/td>\n<td>Tous fourrages, ma\u00efs fourrage<\/td>\n<td>interne<\/td>\n<td>500gr<\/td>\n<td><\/td>\n<\/tr>\n<tr>\n<td>Fumonisines FB 1, FB 2 et FB 3<\/td>\n<td>Qualit\u00e9 sanitaire<\/td>\n<td>ELISA<\/td>\n<td>Tous fourrages, ma\u00efs fourrage<\/td>\n<td>interne<\/td>\n<td>500gr<\/td>\n<td><\/td>\n<\/tr>\n<tr>\n<td>Ochratoxine A<\/td>\n<td>Qualit\u00e9 sanitaire<\/td>\n<td>ELISA<\/td>\n<td>Tous fourrages, ma\u00efs fourrage<\/td>\n<td>interne<\/td>\n<td>500gr<\/td>\n<td><\/td>\n<\/tr>\n<tr>\n<td>Ochratoxine A<\/td>\n<td>Qualit\u00e9 sanitaire<\/td>\n<td>HPLC<\/td>\n<td>Tous fourrages, ma\u00efs fourrage<\/td>\n<td>interne<\/td>\n<td>500gr<\/td>\n<td><\/td>\n<\/tr>\n<tr>\n<td>T2 toxines<\/td>\n<td>Qualit\u00e9 sanitaire<\/td>\n<td>ELISA<\/td>\n<td>Tous fourrages, ma\u00efs fourrage<\/td>\n<td>interne<\/td>\n<td>500gr<\/td>\n<td><\/td>\n<\/tr>\n<tr>\n<td rowspan=\"2\">Z\u00e9aral\u00e9none<\/td>\n<td>Qualit\u00e9 sanitaire<\/td>\n<td rowspan=\"2\">HPLC<\/td>\n<td>Tous fourrages, ma\u00efs fourrage<\/td>\n<td rowspan=\"2\">interne<\/td>\n<td>500gr<\/td>\n<td><\/td>\n<\/tr>\n<tr>\n<td>Qualit\u00e9 sanitaire<\/td>\n<td>Tous fourrages, ma\u00efs fourrage<\/td>\n<td>500gr<\/td>\n<td><\/td>\n<\/tr>\n<tr>\n<td>Z\u00e9aral\u00e9none<\/td>\n<td>Qualit\u00e9 sanitaire<\/td>\n<td>ELISA<\/td>\n<td>Tous fourrages, ma\u00efs fourrage<\/td>\n<td>interne<\/td>\n<td>500gr<\/td>\n<td><\/td>\n<\/tr>\n<tr>\n<td>D\u00e9nombrement fongique<\/td>\n<td>Qualit\u00e9 sanitaire<\/td>\n<td>Culture<\/td>\n<td>Tous fourrages, ma\u00efs fourrage<\/td>\n<td>NF V08-059<\/td>\n<td>500gr<\/td>\n<td><\/td>\n<\/tr>\n<tr>\n<td>Quantification des spores butyriques<\/td>\n<td>Qualit\u00e9 sanitaire<\/td>\n<td>Culture<\/td>\n<td>Tous fourrages, ma\u00efs fourrage<\/td>\n<td>interne<\/td>\n<td>500gr<\/td>\n<td><\/td>\n<\/tr>\n<tr>\n<td>Identification des Fusarium<\/td>\n<td>Qualit\u00e9 sanitaire<\/td>\n<td>Culture<\/td>\n<td>Tous fourrages, ma\u00efs fourrage<\/td>\n<td>interne<\/td>\n<td>500gr<\/td>\n<td><\/td>\n<\/tr>\n<tr>\n<td>Ergost\u00e9rol<\/td>\n<td>Qualit\u00e9 sanitaire<\/td>\n<td>HPLC<\/td>\n<td>Tous fourrages, ma\u00efs fourrage<\/td>\n<td>NFV 18-112<\/td>\n<td>500gr<\/td>\n<td><\/td>\n<\/tr>\n<tr>\n<td>Salmonelles<\/td>\n<td>Qualit\u00e9 sanitaire<\/td>\n<td>Culture<\/td>\n<td>Tous fourrages, ma\u00efs fourrage<\/td>\n<td>AFNOR AES 10\/04-05\/04<\/td>\n<td>500gr<\/td>\n<td><\/td>\n<\/tr>\n<tr>\n<td>Multid\u00e9tection des mycotoxines<\/td>\n<td>Qualit\u00e9 sanitaire<\/td>\n<td>LCMSMS<\/td>\n<td>Ma\u00efs grain, c\u00e9r\u00e9ales<\/td>\n<td>Interne<\/td>\n<td>1kg grain \/ 500 g broyats<\/td>\n<td><img loading=\"lazy\" decoding=\"async\" class=\"alignnone size-medium wp-image-624\" src=\"http:\/\/germsez.cluster030.hosting.ovh.net\/wp-content\/uploads\/2016\/12\/Logo-Cofrac_Accreditation-1-182-300x235.jpg\" alt=\"\" width=\"300\" height=\"235\" \/><\/td>\n<\/tr>\n<tr>\n<td>Aflatoxines B 1<\/td>\n<td>Qualit\u00e9 sanitaire<\/td>\n<td>ELISA<\/td>\n<td>Ma\u00efs grain, c\u00e9r\u00e9ales<\/td>\n<td>interne<\/td>\n<td>1kg grain \/ 500 g broyats<\/td>\n<td><\/td>\n<\/tr>\n<tr>\n<td>Aflatoxines B1-B2-G1-G2-<\/td>\n<td>Qualit\u00e9 sanitaire<\/td>\n<td>HPLC<\/td>\n<td>Ma\u00efs grain, c\u00e9r\u00e9ales<\/td>\n<td>interne<\/td>\n<td>1kg grain \/ 500 g broyats<\/td>\n<td><\/td>\n<\/tr>\n<tr>\n<td>D\u00e9oxynival\u00e9nol (DON)<\/td>\n<td>Qualit\u00e9 sanitaire<\/td>\n<td>HPLC<\/td>\n<td>Ma\u00efs grain, c\u00e9r\u00e9ales<\/td>\n<td>Interne selon NF EN 15891<\/td>\n<td>1kg grain \/ 500 g broyats<\/td>\n<td><\/td>\n<\/tr>\n<tr>\n<td>D\u00e9oxynival\u00e9nol (DON)<\/td>\n<td>Qualit\u00e9 sanitaire<\/td>\n<td>Elisa<\/td>\n<td>Ma\u00efs grain, c\u00e9r\u00e9ales<\/td>\n<td>interne<\/td>\n<td>1kg grain \/ 500 g broyats<\/td>\n<td><\/td>\n<\/tr>\n<tr>\n<td>Fumonisines FB 1 et FB 2<\/td>\n<td>Qualit\u00e9 sanitaire<\/td>\n<td>HPLC<\/td>\n<td>Ma\u00efs grain, c\u00e9r\u00e9ales<\/td>\n<td>NF EN 13585<\/td>\n<td>1kg grain \/ 500 g broyats<\/td>\n<td><\/td>\n<\/tr>\n<tr>\n<td>Fumonisines FB 1, FB 2 et FB 3<\/td>\n<td>Qualit\u00e9 sanitaire<\/td>\n<td>ELISA<\/td>\n<td>Ma\u00efs grain, c\u00e9r\u00e9ales<\/td>\n<td>interne<\/td>\n<td>1kg grain \/ 500 g broyats<\/td>\n<td><\/td>\n<\/tr>\n<tr>\n<td>Ochratoxine A<\/td>\n<td>Qualit\u00e9 sanitaire<\/td>\n<td>ELISA<\/td>\n<td>Ma\u00efs grain, c\u00e9r\u00e9ales<\/td>\n<td>interne<\/td>\n<td>1kg grain \/ 500 g broyats<\/td>\n<td><\/td>\n<\/tr>\n<tr>\n<td>Ochratoxine A<\/td>\n<td>Qualit\u00e9 sanitaire<\/td>\n<td>HPLC<\/td>\n<td>Ma\u00efs grain, c\u00e9r\u00e9ales<\/td>\n<td>interne selon NF EN 14132<\/td>\n<td>1kg grain \/ 500 g broyats<\/td>\n<td><\/td>\n<\/tr>\n<tr>\n<td>T2 toxines<\/td>\n<td>Qualit\u00e9 sanitaire<\/td>\n<td>ELISA<\/td>\n<td>Ma\u00efs grain, c\u00e9r\u00e9ales<\/td>\n<td>interne<\/td>\n<td>1kg grain \/ 500 g broyats<\/td>\n<td><\/td>\n<\/tr>\n<tr>\n<td>Z\u00e9aral\u00e9none<\/td>\n<td>Qualit\u00e9 sanitaire<\/td>\n<td>HPLC<\/td>\n<td>Ma\u00efs grain, c\u00e9r\u00e9ales<\/td>\n<td>interne selon NF ISO 17372<\/td>\n<td>1kg grain \/ 500 g broyats<\/td>\n<td><\/td>\n<\/tr>\n<tr>\n<td>Z\u00e9aral\u00e9none<\/td>\n<td>Qualit\u00e9 sanitaire<\/td>\n<td>ELISA<\/td>\n<td>Ma\u00efs grain, c\u00e9r\u00e9ales<\/td>\n<td>interne<\/td>\n<td>1kg grain \/ 500 g broyats<\/td>\n<td><\/td>\n<\/tr>\n<tr>\n<td>D\u00e9nombrement fongique<\/td>\n<td>Qualit\u00e9 sanitaire<\/td>\n<td>Culture<\/td>\n<td>Ma\u00efs grain, c\u00e9r\u00e9ales<\/td>\n<td>NF V08-059<\/td>\n<td>1kg grain \/ 500 g broyats<\/td>\n<td><\/td>\n<\/tr>\n<tr>\n<td>Quantification des spores butyriques<\/td>\n<td>Qualit\u00e9 sanitaire<\/td>\n<td>Culture<\/td>\n<td>Ma\u00efs grain, c\u00e9r\u00e9ales<\/td>\n<td>interne<\/td>\n<td>1kg grain \/ 500 g broyats<\/td>\n<td><\/td>\n<\/tr>\n<tr>\n<td>Identification des Fusarium<\/td>\n<td>Qualit\u00e9 sanitaire<\/td>\n<td>Culture<\/td>\n<td>Ma\u00efs grain, c\u00e9r\u00e9ales<\/td>\n<td>interne<\/td>\n<td>1kg grain \/ 500 g broyats<\/td>\n<td><\/td>\n<\/tr>\n<tr>\n<td>Ergost\u00e9rol<\/td>\n<td>Qualit\u00e9 sanitaire<\/td>\n<td>HPLC<\/td>\n<td>Ma\u00efs grain, c\u00e9r\u00e9ales<\/td>\n<td>NFV 18-112<\/td>\n<td>1kg grain \/ 500 g broyats<\/td>\n<td><\/td>\n<\/tr>\n<tr>\n<td>Salmonelles<\/td>\n<td>Qualit\u00e9 sanitaire<\/td>\n<td>Culture<\/td>\n<td>Ma\u00efs grain, c\u00e9r\u00e9ales<\/td>\n<td>AFNOR AES 10\/04-05\/04<\/td>\n<td>1kg grain \/ 500 g broyats<\/td>\n<td><\/td>\n<\/tr>\n<tr>\n<td>Mesure de la d\u00e9naturisation des prot\u00e9\u00efnes salino-solubles<\/td>\n<td>Qualit\u00e9 technologique<\/td>\n<td>Promatest Colorim\u00e9trie<\/td>\n<td>Ma\u00efs<\/td>\n<td>NF V03-741<\/td>\n<td>500 g(*)<\/td>\n<td><img loading=\"lazy\" decoding=\"async\" class=\"alignnone size-medium wp-image-624\" src=\"http:\/\/germsez.cluster030.hosting.ovh.net\/wp-content\/uploads\/2016\/12\/Logo-Cofrac_Accreditation-1-182-300x235.jpg\" alt=\"\" width=\"300\" height=\"235\" \/><\/td>\n<\/tr>\n<tr>\n<td>Puret\u00e9 waxy<\/td>\n<td>Qualit\u00e9 technologique<\/td>\n<td>Colorim\u00e9trie<\/td>\n<td>Ma\u00efs<\/td>\n<td>Interne<\/td>\n<td>300 g<\/td>\n<td><\/td>\n<\/tr>\n<tr>\n<td>Rendement brut semoule &#8211; RBS<\/td>\n<td>Qualit\u00e9 technologique<\/td>\n<td>Infra rouge<\/td>\n<td>Ma\u00efs<\/td>\n<td>Interne<\/td>\n<td>300 g<\/td>\n<td><\/td>\n<\/tr>\n<tr>\n<td>Rendement brut hominy &#8211; RBH<\/td>\n<td>Qualit\u00e9 technologique<\/td>\n<td>Fragmentation<\/td>\n<td>Ma\u00efs<\/td>\n<td>INRA<\/td>\n<td>5,5kg<\/td>\n<td><\/td>\n<\/tr>\n<tr>\n<td>S\u00e9dimentation<\/td>\n<td>Qualit\u00e9 technologique<\/td>\n<td>D\u00e9cantation<\/td>\n<td>Ma\u00efs<\/td>\n<td>Interne<\/td>\n<td>400 g<\/td>\n<td><\/td>\n<\/tr>\n<tr>\n<td>Taux d&#8217;\u00e9clatement pop corn<\/td>\n<td>Qualit\u00e9 technologique<\/td>\n<td>Volum\u00e9trie<\/td>\n<td>Ma\u00efs<\/td>\n<td>Interne<\/td>\n<td>300 g<\/td>\n<td><\/td>\n<\/tr>\n<tr>\n<td>Taux d\u2019expansion pop corn<\/td>\n<td>Qualit\u00e9 technologique<\/td>\n<td>Volum\u00e9trie<\/td>\n<td>Ma\u00efs<\/td>\n<td>Interne<\/td>\n<td>300 g<\/td>\n<td><\/td>\n<\/tr>\n<tr>\n<td>Test de flottation<\/td>\n<td>Qualit\u00e9 technologique<\/td>\n<td>Densim\u00e9trie<\/td>\n<td>Ma\u00efs<\/td>\n<td>Interne<\/td>\n<td>300 grammes<\/td>\n<td><\/td>\n<\/tr>\n<\/tbody>\n<\/table>\n<p>&nbsp;<\/p>\n<p style=\"text-align: center;\"><a href=\"http:\/\/germsez.cluster030.hosting.ovh.net\/les-analyses\/catalogue-des-analyses\/\">Visit the complet\u00a0catalogue\u00a0of analyses<\/a><\/p>\n<p>&nbsp;<\/p>\n","protected":false},"excerpt":{"rendered":"<p>GERM-Services is specialized for the analysis of contaminants, mycotoxins, residues from pesticides, GMO and thin particles. It has the most&#8230;  <a class=\"excerpt-read-more\" href=\"https:\/\/germservices.fr\/en\/analyses\/nutrition-and-healthcare\/\" title=\"Read Nutrition and healthcare\">Read more &raquo;<\/a><\/p>\n","protected":false},"author":1,"featured_media":0,"parent":915,"menu_order":52,"comment_status":"closed","ping_status":"closed","template":"","meta":{"_acf_changed":false,"om_disable_all_campaigns":false,"_exactmetrics_skip_tracking":false,"_exactmetrics_sitenote_active":false,"_exactmetrics_sitenote_note":"","_exactmetrics_sitenote_category":0,"_monsterinsights_skip_tracking":false,"_monsterinsights_sitenote_active":false,"_monsterinsights_sitenote_note":"","_monsterinsights_sitenote_category":0,"_uf_show_specific_survey":0,"_uf_disable_surveys":false,"footnotes":""},"class_list":["post-922","page","type-page","status-publish","hentry"],"acf":[],"aioseo_notices":[],"_links":{"self":[{"href":"https:\/\/germservices.fr\/en\/wp-json\/wp\/v2\/pages\/922","targetHints":{"allow":["GET"]}}],"collection":[{"href":"https:\/\/germservices.fr\/en\/wp-json\/wp\/v2\/pages"}],"about":[{"href":"https:\/\/germservices.fr\/en\/wp-json\/wp\/v2\/types\/page"}],"author":[{"embeddable":true,"href":"https:\/\/germservices.fr\/en\/wp-json\/wp\/v2\/users\/1"}],"replies":[{"embeddable":true,"href":"https:\/\/germservices.fr\/en\/wp-json\/wp\/v2\/comments?post=922"}],"version-history":[{"count":0,"href":"https:\/\/germservices.fr\/en\/wp-json\/wp\/v2\/pages\/922\/revisions"}],"up":[{"embeddable":true,"href":"https:\/\/germservices.fr\/en\/wp-json\/wp\/v2\/pages\/915"}],"wp:attachment":[{"href":"https:\/\/germservices.fr\/en\/wp-json\/wp\/v2\/media?parent=922"}],"curies":[{"name":"wp","href":"https:\/\/api.w.org\/{rel}","templated":true}]}}