{"id":916,"date":"2017-09-13T10:13:48","date_gmt":"2017-09-13T08:13:48","guid":{"rendered":"http:\/\/germsez.cluster030.hosting.ovh.net\/analyses\/animal-feed\/"},"modified":"2017-09-13T10:13:48","modified_gmt":"2017-09-13T08:13:48","slug":"animal-feed","status":"publish","type":"page","link":"https:\/\/germservices.fr\/en\/analyses\/animal-feed\/","title":{"rendered":"Animal feed"},"content":{"rendered":"<h2>Silage analysis<\/h2>\n<p>The expertise about the energetic value and the composition of silage is an essential data so as to know the feeding value of the ration for the bovine cattle.<\/p>\n<p>The laboratory is a major actor on the forage analysis market. It carries out the reference analysis that are used for the registration of maize varieties in the official list and it works for feeding processors. GERM-Service has developed an efficient logistic chain that guarantees the quality of results to its customers and partners.<\/p>\n<h2>Grain analysis<\/h2>\n<p>The variability of chemical components in the staple used for rations has to be taken into account. These standards are also interesting for both food industry (starch industry \u2013 hominy industry) and non-food industry, most of all for the monitoring of bio-fuel production. The demand focuses on the analysis carried out through infrared analysis that predict faithfully all the standards and have the dual interest of speed and low cost execution. The laboratory develops new prediction standards. The laboratory also provides a specific range of analysis for the duck production ; in addition to the classical composition standards, the laboratory provides calibration tests, particle size in mash, \u2026<\/p>\n<p>&nbsp;<\/p>\n<p style=\"text-align: center;\"><a href=\"http:\/\/germsez.cluster030.hosting.ovh.net\/les-analyses\/catalogue-des-analyses\/\">Visit\u00a0the complete catalogue\u00a0of analyses<\/a><\/p>\n<p>&nbsp;<\/p>\n<table width=\"1317\">\n<tbody>\n<tr>\n<td width=\"219\">Titre de l&#8217;analyse<\/td>\n<td width=\"219\">Type<\/td>\n<td width=\"219\">Technique<\/td>\n<td width=\"192\">M\u00e9thode<\/td>\n<td width=\"112\">Produits<\/td>\n<td width=\"94\">Quantit\u00e9 n\u00e9cessaire<\/td>\n<td width=\"101\">Accr\u00e9ditation<\/td>\n<\/tr>\n<tr>\n<td>Amidon<\/td>\n<td>Qualit\u00e9 aliments des animaux<\/td>\n<td>Polarim\u00e9trie (Ewers)<\/td>\n<td>Dir 1999\/79\/CE AFNOR -Dir 1999\/79\/CE AFNOR<\/td>\n<td>Aliments, tourteaux, dr\u00eaches, \u2026<\/td>\n<td>300g<\/td>\n<td><\/td>\n<\/tr>\n<tr>\n<td>Prot\u00e9ines<\/td>\n<td>Qualit\u00e9 aliments des animaux<\/td>\n<td>Kjeldhal<\/td>\n<td>Interne<\/td>\n<td>Aliments, tourteaux, dr\u00eaches, \u2026<\/td>\n<td>300g<\/td>\n<td><\/td>\n<\/tr>\n<tr>\n<td>Azote amoniacal<\/td>\n<td>Qualit\u00e9 aliments des animaux<\/td>\n<td>Kjeldhal<\/td>\n<td>Interne<\/td>\n<td>Aliments, tourteaux, dr\u00eaches, \u2026<\/td>\n<td>300g<\/td>\n<td><\/td>\n<\/tr>\n<tr>\n<td>Cellulose<\/td>\n<td>Qualit\u00e9 aliments des animaux<\/td>\n<td>Fibersac<\/td>\n<td>Interne<\/td>\n<td>Aliments, tourteaux, dr\u00eaches, \u2026<\/td>\n<td>300g<\/td>\n<td><\/td>\n<\/tr>\n<tr>\n<td>Cendres<\/td>\n<td>Qualit\u00e9 aliments des animaux<\/td>\n<td>Incin\u00e9ration<\/td>\n<td>NF V 18-101AFNOR<\/td>\n<td>Aliments, tourteaux, dr\u00eaches, \u2026<\/td>\n<td>300g<\/td>\n<td><\/td>\n<\/tr>\n<tr>\n<td>Mati\u00e8res grasses<\/td>\n<td>Qualit\u00e9 aliments des animaux<\/td>\n<td>Extraction par solvant<\/td>\n<td>NF V-18-117 (proc\u00e9d\u00e9 A)<\/td>\n<td>Aliments, tourteaux, dr\u00eaches, \u2026<\/td>\n<td>300g<\/td>\n<td><\/td>\n<\/tr>\n<tr>\n<td>Mati\u00e8res grasses avec hydrolyse<\/td>\n<td>Qualit\u00e9 aliments des animaux<\/td>\n<td>Extraction par solvant<\/td>\n<td>NF V-18-117 (proc\u00e9d\u00e9 B)<\/td>\n<td>Aliments, tourteaux, dr\u00eaches, \u2026<\/td>\n<td>300g<\/td>\n<td><\/td>\n<\/tr>\n<tr>\n<td>Prot\u00e9ines, amidon, mati\u00e8res grasses, cellulose<\/td>\n<td>Qualit\u00e9 aliments des animaux<\/td>\n<td>Spectrophotom\u00e9trie Infra rouge<\/td>\n<td>Interne<\/td>\n<td>Dr\u00eaches de ma\u00efs<\/td>\n<td>300g<\/td>\n<td><\/td>\n<\/tr>\n<tr>\n<td>Teneur en eau<\/td>\n<td>Qualit\u00e9 aliments des animaux<\/td>\n<td>\u00c9tuvage<\/td>\n<td>Selon les normes en vigueur<\/td>\n<td>Aliments, tourteaux, dr\u00eaches, \u2026<\/td>\n<td>300g<\/td>\n<td><\/td>\n<\/tr>\n<tr>\n<td>Xanthophylles<\/td>\n<td>Qualit\u00e9 aliments des animaux<\/td>\n<td>HPLC<\/td>\n<td>Interne<\/td>\n<td>Aliments, tourteaux, dr\u00eaches, \u2026<\/td>\n<td>300g<\/td>\n<td><\/td>\n<\/tr>\n<tr>\n<td>Profil acides gras<\/td>\n<td>Qualit\u00e9 aliments des animaux<\/td>\n<td>HPLC<\/td>\n<td>NF ISO 5508\/5509AFNOR<\/td>\n<td>Aliments, tourteaux, dr\u00eaches, \u2026<\/td>\n<td>300g<\/td>\n<td><\/td>\n<\/tr>\n<tr>\n<td>Amidon<\/td>\n<td>Qualit\u00e9 Fourrage<\/td>\n<td>Polarim\u00e9trie (Ewers)<\/td>\n<td>Dir 1999\/79\/CE AFNOR -Dir 1999\/79\/CE AFNOR<\/td>\n<td>Tous fourrages : ma\u00efs, sorgho, m\u00e9teil \u2026<\/td>\n<td>300g<\/td>\n<td><\/td>\n<\/tr>\n<tr>\n<td>Prot\u00e9ines<\/td>\n<td>Qualit\u00e9 Fourrage<\/td>\n<td>Kjeldhal<\/td>\n<td>Interne<\/td>\n<td>Tous fourrages : ma\u00efs, sorgho, m\u00e9teil \u2026<\/td>\n<td>300g<\/td>\n<td><\/td>\n<\/tr>\n<tr>\n<td>Azote amoniacal<\/td>\n<td>Qualit\u00e9 Fourrage<\/td>\n<td>Kjeldhal<\/td>\n<td>Interne<\/td>\n<td>Tous fourrages : ma\u00efs, sorgho, m\u00e9teil \u2026<\/td>\n<td>300g<\/td>\n<td><\/td>\n<\/tr>\n<tr>\n<td>Cellulose<\/td>\n<td>Qualit\u00e9 Fourrage<\/td>\n<td>Fibersac<\/td>\n<td>Interne<\/td>\n<td>Tous fourrages : ma\u00efs, sorgho, m\u00e9teil \u2026<\/td>\n<td>300g<\/td>\n<td><\/td>\n<\/tr>\n<tr>\n<td>Cendres<\/td>\n<td>Qualit\u00e9 Fourrage<\/td>\n<td>Incin\u00e9ration<\/td>\n<td>NF V 18-101AFNOR<\/td>\n<td>Tous fourrages : ma\u00efs, sorgho, m\u00e9teil \u2026<\/td>\n<td>300g<\/td>\n<td><\/td>\n<\/tr>\n<tr>\n<td>Mati\u00e8res grasses<\/td>\n<td>Qualit\u00e9 Fourrage<\/td>\n<td>Extraction par solvant<\/td>\n<td>NF V-18-117 (proc\u00e9d\u00e9 A)<\/td>\n<td>Tous fourrages : ma\u00efs, sorgho, m\u00e9teil \u2026<\/td>\n<td>300g<\/td>\n<td><\/td>\n<\/tr>\n<tr>\n<td>Mati\u00e8res grasses avec hydrolyse<\/td>\n<td>Qualit\u00e9 Fourrage<\/td>\n<td>Extraction par solvant<\/td>\n<td>NF V-18-117 (proc\u00e9d\u00e9 B)<\/td>\n<td>Tous fourrages : ma\u00efs, sorgho, m\u00e9teil \u2026<\/td>\n<td>300g<\/td>\n<td><\/td>\n<\/tr>\n<tr>\n<td>Mati\u00e8re s\u00e8che<\/td>\n<td>Qualit\u00e9 Fourrage<\/td>\n<td>\u00c9tuvage<\/td>\n<td>BIPEA<\/td>\n<td>Tous fourrages : ma\u00efs, sorgho, m\u00e9teil \u2026<\/td>\n<td>300g<\/td>\n<td><\/td>\n<\/tr>\n<tr>\n<td>Profil acides gras<\/td>\n<td>Qualit\u00e9 Fourrage<\/td>\n<td>HPLC<\/td>\n<td>NF ISO 5508\/5509AFNOR<\/td>\n<td>Tous fourrages : ma\u00efs, sorgho, m\u00e9teil \u2026<\/td>\n<td>300g<\/td>\n<td><\/td>\n<\/tr>\n<tr>\n<td>ADF<\/td>\n<td>Qualit\u00e9 Fourrage<\/td>\n<td>Van Soest<\/td>\n<td>Tous fourrages<\/td>\n<td>NF V 18-122<\/td>\n<td>300g<\/td>\n<td><\/td>\n<\/tr>\n<tr>\n<td>NDF<\/td>\n<td>Qualit\u00e9 Fourrage<\/td>\n<td>Van Soest<\/td>\n<td>Tous fourrages<\/td>\n<td>NF V 18-122<\/td>\n<td>300g<\/td>\n<td><\/td>\n<\/tr>\n<tr>\n<td>ADL<\/td>\n<td>Qualit\u00e9 Fourrage<\/td>\n<td>Van Soest<\/td>\n<td>Tous fourrages<\/td>\n<td>NF V 18-122<\/td>\n<td>300g<\/td>\n<td><\/td>\n<\/tr>\n<tr>\n<td>pH<\/td>\n<td>Qualit\u00e9 Fourrage<\/td>\n<td>&#8211;<\/td>\n<td>Tous fourrages<\/td>\n<td>BIPEA<\/td>\n<td>300 g<\/td>\n<td><\/td>\n<\/tr>\n<tr>\n<td>Conservation des fourrages (alcools acides gras volatiles, acide lactique)<\/td>\n<td>Qualit\u00e9 Fourrage<\/td>\n<td>&#8211;<\/td>\n<td>Tous fourrages<\/td>\n<td>M\u00e9thode INRA<\/td>\n<td>300g<\/td>\n<td><\/td>\n<\/tr>\n<tr>\n<td>Digestibilit\u00e9 Aufr\u00e8re<\/td>\n<td>Qualit\u00e9 Fourrage<\/td>\n<td>Enzymatique<\/td>\n<td>Tous fourrages<\/td>\n<td>M\u00e9thode INRA<\/td>\n<td>300g<\/td>\n<td><\/td>\n<\/tr>\n<tr>\n<td>Valeur nutritive et \u00e9nerg\u00e9tique du ma\u00efs fourrage frais ou ensil\u00e9 Mati\u00e8re s\u00e8che &#8211; Amidon \u2013 glucides solubles &#8211; prot\u00e9ines &#8211; Cellulose brute -ADF &#8211; NDF &#8211; ADL &#8211; Cendres \u2013 Ca &#8211; P UFL\/UFV &#8211; PDIE\/PDIN &#8211; DINAG &#8211; Digestibilit\u00e9 Aufr\u00e8re -UEL<\/td>\n<td>Qualit\u00e9 Fourrage<\/td>\n<td>Spectrophotom\u00e9trie infra-rouge<\/td>\n<td>Ma\u00efs fourrages verts ou ensil\u00e9s<\/td>\n<td>Interne<\/td>\n<td>500 g<\/td>\n<td><\/td>\n<\/tr>\n<tr>\n<td>Valeur nutritive et \u00e9nerg\u00e9tique du sorgho fourrage frais ou ensil\u00e9 Mati\u00e8re s\u00e8che &#8211; Amidon \u2013 glucides solubles &#8211; prot\u00e9ines &#8211; Cellulose brute -ADF &#8211; NDF &#8211; ADL &#8211; Cendres \u2013 ph\u00e9nols totaux \u2013 Tanin &#8211; UFL\/UFV &#8211; PDIE\/PDIN &#8211; DINAG &#8211; Digestibilit\u00e9 Aufr\u00e8re -UEL<\/td>\n<td>Qualit\u00e9 Fourrage<\/td>\n<td>Spectrophotom\u00e9trie infra-rouge<\/td>\n<td>Sorgho fourrages verts ou ensil\u00e9s<\/td>\n<td>Interne<\/td>\n<td>500 g<\/td>\n<td><\/td>\n<\/tr>\n<tr>\n<td>Valeur nutritive et \u00e9nerg\u00e9tique des foins, herbes, ensilages frais ou ensil\u00e9 de gramin\u00e9es, l\u00e9gumineuses, m\u00e9teils Mati\u00e8re s\u00e8che &#8211; Prot\u00e9ines &#8211; Cellulose brute &#8211; Cendres &#8211; UFL\/UFV &#8211; PDIE\/PDIN &#8211; UEL<\/td>\n<td>Qualit\u00e9 Fourrage<\/td>\n<td>Spectrophotom\u00e9trie infra-rouge<\/td>\n<td>Ensilages, foins, herbes de gramin\u00e9es, l\u00e9gumineuses, m\u00e9teils \u2026<\/td>\n<td>Interne<\/td>\n<td>500 g<\/td>\n<td><\/td>\n<\/tr>\n<\/tbody>\n<\/table>\n<p>&nbsp;<\/p>\n<p style=\"text-align: center;\"><a href=\"http:\/\/germsez.cluster030.hosting.ovh.net\/les-analyses\/catalogue-des-analyses\/\">Visit\u00a0the complete\u00a0catalogue\u00a0of analyses<\/a><\/p>\n<p>&nbsp;<\/p>\n","protected":false},"excerpt":{"rendered":"<p>Silage analysis The expertise about the energetic value and the composition of silage is an essential data so as to&#8230;  <a class=\"excerpt-read-more\" href=\"https:\/\/germservices.fr\/en\/analyses\/animal-feed\/\" title=\"Read Animal feed\">Read more &raquo;<\/a><\/p>\n","protected":false},"author":1,"featured_media":0,"parent":915,"menu_order":50,"comment_status":"closed","ping_status":"closed","template":"","meta":{"_acf_changed":false,"om_disable_all_campaigns":false,"_exactmetrics_skip_tracking":false,"_exactmetrics_sitenote_active":false,"_exactmetrics_sitenote_note":"","_exactmetrics_sitenote_category":0,"_monsterinsights_skip_tracking":false,"_monsterinsights_sitenote_active":false,"_monsterinsights_sitenote_note":"","_monsterinsights_sitenote_category":0,"_uf_show_specific_survey":0,"_uf_disable_surveys":false,"footnotes":""},"class_list":["post-916","page","type-page","status-publish","hentry"],"acf":[],"aioseo_notices":[],"_links":{"self":[{"href":"https:\/\/germservices.fr\/en\/wp-json\/wp\/v2\/pages\/916","targetHints":{"allow":["GET"]}}],"collection":[{"href":"https:\/\/germservices.fr\/en\/wp-json\/wp\/v2\/pages"}],"about":[{"href":"https:\/\/germservices.fr\/en\/wp-json\/wp\/v2\/types\/page"}],"author":[{"embeddable":true,"href":"https:\/\/germservices.fr\/en\/wp-json\/wp\/v2\/users\/1"}],"replies":[{"embeddable":true,"href":"https:\/\/germservices.fr\/en\/wp-json\/wp\/v2\/comments?post=916"}],"version-history":[{"count":0,"href":"https:\/\/germservices.fr\/en\/wp-json\/wp\/v2\/pages\/916\/revisions"}],"up":[{"embeddable":true,"href":"https:\/\/germservices.fr\/en\/wp-json\/wp\/v2\/pages\/915"}],"wp:attachment":[{"href":"https:\/\/germservices.fr\/en\/wp-json\/wp\/v2\/media?parent=916"}],"curies":[{"name":"wp","href":"https:\/\/api.w.org\/{rel}","templated":true}]}}